{"id":90,"date":"2026-02-15T17:46:26","date_gmt":"2026-02-15T17:46:26","guid":{"rendered":"https:\/\/attention.men\/?post_type=product&#038;p=90"},"modified":"2026-04-14T09:50:24","modified_gmt":"2026-04-14T09:50:24","slug":"matowy-olejek-do-brody","status":"publish","type":"product","link":"https:\/\/attention.men\/en\/product\/matowy-olejek-do-brody\/","title":{"rendered":"O.I.L. Matowy olejek do brody 30ml"},"content":{"rendered":"<h3 data-section-id=\"1n92cpg\" data-start=\"1513\" data-end=\"1539\">Matowy Olejek do Brody<\/h3>\n<p data-start=\"1541\" data-end=\"1807\">Olejek do brody ATTENTION O.I.L. zosta\u0142 stworzony dla m\u0119\u017cczyzn, kt\u00f3rzy oczekuj\u0105 perfekcyjnej piel\u0119gnacji bez efektu przet\u0142uszczonej brody. Innowacyjna formu\u0142a intensywnie nawil\u017ca zar\u00f3wno sk\u00f3r\u0119 twarzy, jak i w\u0142osy zarostu, pozostawiaj\u0105c naturalne, matowe wyko\u0144czenie.<\/p>\n<p data-start=\"1809\" data-end=\"2086\">Lekka konsystencja sprawia, \u017ce olejek szybko si\u0119 wch\u0142ania i nie pozostawia t\u0142ustego filmu. Dzi\u0119ki temu broda wygl\u0105da zdrowo, naturalnie i jest przyjemna w dotyku. Regularne stosowanie poprawia kondycj\u0119 w\u0142os\u00f3w, nadaje im mi\u0119kko\u015b\u0107 oraz eliminuje uczucie sucho\u015bci sk\u00f3ry pod brod\u0105.<\/p>\n<p data-start=\"2088\" data-end=\"2223\">Formu\u0142a wzbogacona zosta\u0142a o witamin\u0119 E, kt\u00f3ra wspomaga regeneracj\u0119 sk\u00f3ry, wzmacnia w\u0142osy oraz chroni je przed czynnikami zewn\u0119trznymi.<\/p>\n<p data-start=\"2225\" data-end=\"2282\"><strong data-start=\"2225\" data-end=\"2239\">Pojemno\u015b\u0107:<\/strong> 30 ml<br data-start=\"2245\" data-end=\"2248\" \/><strong data-start=\"2248\" data-end=\"2258\">O.I.L.<\/strong> \u2013 Optimal Intense Layer<\/p>","protected":false},"excerpt":{"rendered":"<p>Matowy Olejek do Brody Olejek do brody ATTENTION O.I.L. zosta\u0142 stworzony dla m\u0119\u017cczyzn, kt\u00f3rzy oczekuj\u0105 perfekcyjnej piel\u0119gnacji bez efektu przet\u0142uszczonej brody. Innowacyjna formu\u0142a intensywnie nawil\u017ca zar\u00f3wno sk\u00f3r\u0119 twarzy, jak i w\u0142osy zarostu, pozostawiaj\u0105c naturalne, matowe wyko\u0144czenie. Lekka konsystencja sprawia, \u017ce olejek szybko si\u0119 wch\u0142ania i nie pozostawia t\u0142ustego filmu. Dzi\u0119ki temu broda wygl\u0105da zdrowo, naturalnie i jest przyjemna w dotyku.&hellip;<\/p>","protected":false},"featured_media":590,"comment_status":"open","ping_status":"closed","template":"","meta":{"_acf_changed":false,"bwfblock_default_font":""},"product_brand":[],"product_cat":[17],"product_tag":[],"class_list":{"0":"post-90","1":"product","2":"type-product","3":"status-publish","4":"has-post-thumbnail","6":"product_cat-broda","9":"first","10":"instock","11":"taxable","12":"shipping-taxable","13":"purchasable","14":"product-type-simple"},"acf":[],"jetpack_sharing_enabled":true,"_links":{"self":[{"href":"https:\/\/attention.men\/en\/wp-json\/wp\/v2\/product\/90","targetHints":{"allow":["GET"]}}],"collection":[{"href":"https:\/\/attention.men\/en\/wp-json\/wp\/v2\/product"}],"about":[{"href":"https:\/\/attention.men\/en\/wp-json\/wp\/v2\/types\/product"}],"replies":[{"embeddable":true,"href":"https:\/\/attention.men\/en\/wp-json\/wp\/v2\/comments?post=90"}],"wp:featuredmedia":[{"embeddable":true,"href":"https:\/\/attention.men\/en\/wp-json\/wp\/v2\/media\/590"}],"wp:attachment":[{"href":"https:\/\/attention.men\/en\/wp-json\/wp\/v2\/media?parent=90"}],"wp:term":[{"taxonomy":"product_brand","embeddable":true,"href":"https:\/\/attention.men\/en\/wp-json\/wp\/v2\/product_brand?post=90"},{"taxonomy":"product_cat","embeddable":true,"href":"https:\/\/attention.men\/en\/wp-json\/wp\/v2\/product_cat?post=90"},{"taxonomy":"product_tag","embeddable":true,"href":"https:\/\/attention.men\/en\/wp-json\/wp\/v2\/product_tag?post=90"}],"curies":[{"name":"wp","href":"https:\/\/api.w.org\/{rel}","templated":true}]}}