{"id":89,"date":"2026-02-15T17:42:00","date_gmt":"2026-02-15T17:42:00","guid":{"rendered":"https:\/\/attention.men\/?post_type=product&#038;p=89"},"modified":"2026-04-14T09:50:33","modified_gmt":"2026-04-14T09:50:33","slug":"attention-c-r-e-a-m-krem-do-wlosow-pre-styler-200ml","status":"publish","type":"product","link":"https:\/\/attention.men\/en\/product\/attention-c-r-e-a-m-krem-do-wlosow-pre-styler-200ml\/","title":{"rendered":"C.R.E.A.M. Krem do w\u0142os\u00f3w (Pre-Styler) 200ml"},"content":{"rendered":"<h3 data-section-id=\"1q9371b\" data-start=\"3264\" data-end=\"3295\">Krem do W\u0142os\u00f3w (Pre-Styler)<\/h3>\n<p data-start=\"3297\" data-end=\"3520\">ATTENTION C.R.E.A.M. to profesjonalny krem stylizuj\u0105cy, kt\u00f3ry przygotowuje w\u0142osy do uk\u0142adania fryzury ju\u017c na etapie suszenia. Dzi\u0119ki lekkiej formule w\u0142osy staj\u0105 si\u0119 bardziej podatne na stylizacj\u0119 i zyskuj\u0105 naturalny wygl\u0105d.<\/p>\n<p data-start=\"3522\" data-end=\"3727\">Produkt sprawdza si\u0119 przy r\u00f3\u017cnych typach w\u0142os\u00f3w \u2013 kr\u0119conych, prostych, mi\u0119kkich oraz sztywnych. Mo\u017ce by\u0107 stosowany zar\u00f3wno na wilgotne w\u0142osy przed suszeniem, jak i na suche w\u0142osy w celu poprawy stylizacji.<\/p>\n<p data-start=\"3729\" data-end=\"3826\">Krem nie skleja i nie obci\u0105\u017ca w\u0142os\u00f3w, a jednocze\u015bnie umo\u017cliwia restylizacj\u0119 fryzury w ci\u0105gu dnia.<\/p>\n<p data-start=\"3828\" data-end=\"3964\">Formu\u0142a zosta\u0142a wzbogacona o witamin\u0119 E, kt\u00f3ra chroni w\u0142osy przed przesuszeniem oraz dzia\u0142aniem wysokiej temperatury podczas stylizacji.<\/p>\n<p data-start=\"3966\" data-end=\"4048\"><strong data-start=\"3966\" data-end=\"3980\">Pojemno\u015b\u0107:<\/strong> 200 ml<br data-start=\"3987\" data-end=\"3990\" \/><strong data-start=\"3990\" data-end=\"4004\">C.R.E.A.M.<\/strong> \u2013 Care, Refine, Elevate, Activate, Maintain<\/p>","protected":false},"excerpt":{"rendered":"<p>Krem do W\u0142os\u00f3w (Pre-Styler) ATTENTION C.R.E.A.M. to profesjonalny krem stylizuj\u0105cy, kt\u00f3ry przygotowuje w\u0142osy do uk\u0142adania fryzury ju\u017c na etapie suszenia. Dzi\u0119ki lekkiej formule w\u0142osy staj\u0105 si\u0119 bardziej podatne na stylizacj\u0119 i zyskuj\u0105 naturalny wygl\u0105d. Produkt sprawdza si\u0119 przy r\u00f3\u017cnych typach w\u0142os\u00f3w \u2013 kr\u0119conych, prostych, mi\u0119kkich oraz sztywnych. Mo\u017ce by\u0107 stosowany zar\u00f3wno na wilgotne w\u0142osy przed suszeniem, jak i na suche&hellip;<\/p>","protected":false},"featured_media":591,"comment_status":"open","ping_status":"closed","template":"","meta":{"_acf_changed":false,"bwfblock_default_font":""},"product_brand":[],"product_cat":[18],"product_tag":[],"class_list":{"0":"post-89","1":"product","2":"type-product","3":"status-publish","4":"has-post-thumbnail","6":"product_cat-wlosy","9":"first","10":"instock","11":"taxable","12":"shipping-taxable","13":"purchasable","14":"product-type-simple"},"acf":[],"jetpack_sharing_enabled":true,"_links":{"self":[{"href":"https:\/\/attention.men\/en\/wp-json\/wp\/v2\/product\/89","targetHints":{"allow":["GET"]}}],"collection":[{"href":"https:\/\/attention.men\/en\/wp-json\/wp\/v2\/product"}],"about":[{"href":"https:\/\/attention.men\/en\/wp-json\/wp\/v2\/types\/product"}],"replies":[{"embeddable":true,"href":"https:\/\/attention.men\/en\/wp-json\/wp\/v2\/comments?post=89"}],"wp:featuredmedia":[{"embeddable":true,"href":"https:\/\/attention.men\/en\/wp-json\/wp\/v2\/media\/591"}],"wp:attachment":[{"href":"https:\/\/attention.men\/en\/wp-json\/wp\/v2\/media?parent=89"}],"wp:term":[{"taxonomy":"product_brand","embeddable":true,"href":"https:\/\/attention.men\/en\/wp-json\/wp\/v2\/product_brand?post=89"},{"taxonomy":"product_cat","embeddable":true,"href":"https:\/\/attention.men\/en\/wp-json\/wp\/v2\/product_cat?post=89"},{"taxonomy":"product_tag","embeddable":true,"href":"https:\/\/attention.men\/en\/wp-json\/wp\/v2\/product_tag?post=89"}],"curies":[{"name":"wp","href":"https:\/\/api.w.org\/{rel}","templated":true}]}}