{"id":192,"date":"2026-03-06T21:42:16","date_gmt":"2026-03-06T21:42:16","guid":{"rendered":"https:\/\/attention.men\/?post_type=product&#038;p=192"},"modified":"2026-04-14T09:49:57","modified_gmt":"2026-04-14T09:49:57","slug":"attention-t-e-x-t-u-r-e-m-a-t-t-matowa-pasta-do-tekstury-90ml","status":"publish","type":"product","link":"https:\/\/attention.men\/en\/product\/attention-t-e-x-t-u-r-e-m-a-t-t-matowa-pasta-do-tekstury-90ml\/","title":{"rendered":"T.E.X.T.U.R.E. M.A.T.T. Matowa pasta do tekstury 90ml"},"content":{"rendered":"<h3 data-section-id=\"13719so\" data-start=\"4820\" data-end=\"4848\">Matowa Pasta do Tekstury<\/h3>\n<p data-start=\"4850\" data-end=\"5087\">ATTENTION T.E.X.T.U.R.E. M.A.T.T. to pasta stylizuj\u0105ca zapewniaj\u0105ca mega matowe wyko\u0144czenie oraz wyra\u017an\u0105 tekstur\u0119 w\u0142os\u00f3w. Jej nowoczesna formu\u0142a pozwala uzyska\u0107 obj\u0119to\u015b\u0107 i naturaln\u0105 struktur\u0119 bez konieczno\u015bci u\u017cywania du\u017cej ilo\u015bci pudru.<\/p>\n<p data-start=\"5089\" data-end=\"5214\">Produkt doskonale sprawdza si\u0119 w fryzurach takich jak Quiff, Crop, French Crop, Mullet, a tak\u017ce w przypadku w\u0142os\u00f3w kr\u0119conych.<\/p>\n<p data-start=\"5216\" data-end=\"5292\">Zapewnia mocn\u0105 kontrol\u0119 nad fryzur\u0105, pozostawiaj\u0105c w\u0142osy lekkie i naturalne.<\/p>\n<p data-start=\"5294\" data-end=\"5401\">Dzi\u0119ki zawarto\u015bci witaminy E pasta wspiera regeneracj\u0119 w\u0142os\u00f3w oraz chroni je przed czynnikami zewn\u0119trznymi.<\/p>\n<p data-start=\"5403\" data-end=\"5476\"><strong data-start=\"5403\" data-end=\"5417\">Pojemno\u015b\u0107:<\/strong> 90 ml<br data-start=\"5423\" data-end=\"5426\" \/><strong data-start=\"5426\" data-end=\"5438\">M.A.T.T.<\/strong> \u2013 Maximum All-day Texture &amp; Thickness<\/p>","protected":false},"excerpt":{"rendered":"<p>Matowa Pasta do Tekstury ATTENTION T.E.X.T.U.R.E. M.A.T.T. to pasta stylizuj\u0105ca zapewniaj\u0105ca mega matowe wyko\u0144czenie oraz wyra\u017an\u0105 tekstur\u0119 w\u0142os\u00f3w. Jej nowoczesna formu\u0142a pozwala uzyska\u0107 obj\u0119to\u015b\u0107 i naturaln\u0105 struktur\u0119 bez konieczno\u015bci u\u017cywania du\u017cej ilo\u015bci pudru. Produkt doskonale sprawdza si\u0119 w fryzurach takich jak Quiff, Crop, French Crop, Mullet, a tak\u017ce w przypadku w\u0142os\u00f3w kr\u0119conych. Zapewnia mocn\u0105 kontrol\u0119 nad fryzur\u0105, pozostawiaj\u0105c w\u0142osy lekkie&hellip;<\/p>","protected":false},"featured_media":588,"comment_status":"open","ping_status":"closed","template":"","meta":{"_acf_changed":false,"bwfblock_default_font":""},"product_brand":[],"product_cat":[18],"product_tag":[],"class_list":{"0":"post-192","1":"product","2":"type-product","3":"status-publish","4":"has-post-thumbnail","6":"product_cat-wlosy","9":"first","10":"instock","11":"taxable","12":"shipping-taxable","13":"purchasable","14":"product-type-simple"},"acf":[],"jetpack_sharing_enabled":true,"_links":{"self":[{"href":"https:\/\/attention.men\/en\/wp-json\/wp\/v2\/product\/192","targetHints":{"allow":["GET"]}}],"collection":[{"href":"https:\/\/attention.men\/en\/wp-json\/wp\/v2\/product"}],"about":[{"href":"https:\/\/attention.men\/en\/wp-json\/wp\/v2\/types\/product"}],"replies":[{"embeddable":true,"href":"https:\/\/attention.men\/en\/wp-json\/wp\/v2\/comments?post=192"}],"wp:featuredmedia":[{"embeddable":true,"href":"https:\/\/attention.men\/en\/wp-json\/wp\/v2\/media\/588"}],"wp:attachment":[{"href":"https:\/\/attention.men\/en\/wp-json\/wp\/v2\/media?parent=192"}],"wp:term":[{"taxonomy":"product_brand","embeddable":true,"href":"https:\/\/attention.men\/en\/wp-json\/wp\/v2\/product_brand?post=192"},{"taxonomy":"product_cat","embeddable":true,"href":"https:\/\/attention.men\/en\/wp-json\/wp\/v2\/product_cat?post=192"},{"taxonomy":"product_tag","embeddable":true,"href":"https:\/\/attention.men\/en\/wp-json\/wp\/v2\/product_tag?post=192"}],"curies":[{"name":"wp","href":"https:\/\/api.w.org\/{rel}","templated":true}]}}