{"id":191,"date":"2026-03-06T21:39:47","date_gmt":"2026-03-06T21:39:47","guid":{"rendered":"https:\/\/attention.men\/?post_type=product&#038;p=191"},"modified":"2026-04-14T09:50:05","modified_gmt":"2026-04-14T09:50:05","slug":"attention-p-o-m-a-d-e-pomada-matowa-do-wlosow-90ml","status":"publish","type":"product","link":"https:\/\/attention.men\/en\/product\/attention-p-o-m-a-d-e-pomada-matowa-do-wlosow-90ml\/","title":{"rendered":"P.O.M.A.D.E. Pomada matowa do w\u0142os\u00f3w 90ml"},"content":{"rendered":"<h3 data-section-id=\"1qpx4gn\" data-start=\"4083\" data-end=\"4110\">Pomada Matowa do W\u0142os\u00f3w<\/h3>\n<p data-start=\"4112\" data-end=\"4283\">ATTENTION P.O.M.A.D.E. to pomada o mocnym chwycie (5\/5) i naturalnym matowym wyko\u0144czeniu. Stworzona z my\u015bl\u0105 o m\u0119\u017cczyznach, kt\u00f3rzy preferuj\u0105 klasyczne i eleganckie fryzury.<\/p>\n<p data-start=\"4285\" data-end=\"4469\">Produkt doskonale sprawdza si\u0119 w stylizacjach takich jak Side Part, Pompadour czy Undercut. Pomada zapewnia pe\u0142n\u0105 kontrol\u0119 nad fryzur\u0105, jednocze\u015bnie zachowuj\u0105c naturalny wygl\u0105d w\u0142os\u00f3w.<\/p>\n<p data-start=\"4471\" data-end=\"4565\">Formu\u0142a zosta\u0142a opracowana tak, aby nie skleja\u0107 w\u0142os\u00f3w i umo\u017cliwia\u0107 restylizacj\u0119 w ci\u0105gu dnia.<\/p>\n<p data-start=\"4567\" data-end=\"4686\">Dodatkowo zawiera witamin\u0119 E, kt\u00f3ra chroni w\u0142osy przed przesuszeniem i wspiera ich kondycj\u0119 przy codziennej stylizacji.<\/p>\n<p data-start=\"4688\" data-end=\"4774\"><strong data-start=\"4688\" data-end=\"4702\">Pojemno\u015b\u0107:<\/strong> 90 ml<br data-start=\"4708\" data-end=\"4711\" \/><strong data-start=\"4711\" data-end=\"4727\">P.O.M.A.D.E.<\/strong> \u2013 Perfectly Organized Men\u2019s And Daily Elegance<\/p>","protected":false},"excerpt":{"rendered":"<p>Pomada Matowa do W\u0142os\u00f3w ATTENTION P.O.M.A.D.E. to pomada o mocnym chwycie (5\/5) i naturalnym matowym wyko\u0144czeniu. Stworzona z my\u015bl\u0105 o m\u0119\u017cczyznach, kt\u00f3rzy preferuj\u0105 klasyczne i eleganckie fryzury. Produkt doskonale sprawdza si\u0119 w stylizacjach takich jak Side Part, Pompadour czy Undercut. Pomada zapewnia pe\u0142n\u0105 kontrol\u0119 nad fryzur\u0105, jednocze\u015bnie zachowuj\u0105c naturalny wygl\u0105d w\u0142os\u00f3w. Formu\u0142a zosta\u0142a opracowana tak, aby nie skleja\u0107 w\u0142os\u00f3w i&hellip;<\/p>","protected":false},"featured_media":587,"comment_status":"open","ping_status":"closed","template":"","meta":{"_acf_changed":false,"bwfblock_default_font":""},"product_brand":[],"product_cat":[18],"product_tag":[],"class_list":{"0":"post-191","1":"product","2":"type-product","3":"status-publish","4":"has-post-thumbnail","6":"product_cat-wlosy","9":"first","10":"instock","11":"taxable","12":"shipping-taxable","13":"purchasable","14":"product-type-simple"},"acf":[],"jetpack_sharing_enabled":true,"_links":{"self":[{"href":"https:\/\/attention.men\/en\/wp-json\/wp\/v2\/product\/191","targetHints":{"allow":["GET"]}}],"collection":[{"href":"https:\/\/attention.men\/en\/wp-json\/wp\/v2\/product"}],"about":[{"href":"https:\/\/attention.men\/en\/wp-json\/wp\/v2\/types\/product"}],"replies":[{"embeddable":true,"href":"https:\/\/attention.men\/en\/wp-json\/wp\/v2\/comments?post=191"}],"wp:featuredmedia":[{"embeddable":true,"href":"https:\/\/attention.men\/en\/wp-json\/wp\/v2\/media\/587"}],"wp:attachment":[{"href":"https:\/\/attention.men\/en\/wp-json\/wp\/v2\/media?parent=191"}],"wp:term":[{"taxonomy":"product_brand","embeddable":true,"href":"https:\/\/attention.men\/en\/wp-json\/wp\/v2\/product_brand?post=191"},{"taxonomy":"product_cat","embeddable":true,"href":"https:\/\/attention.men\/en\/wp-json\/wp\/v2\/product_cat?post=191"},{"taxonomy":"product_tag","embeddable":true,"href":"https:\/\/attention.men\/en\/wp-json\/wp\/v2\/product_tag?post=191"}],"curies":[{"name":"wp","href":"https:\/\/api.w.org\/{rel}","templated":true}]}}