{"id":189,"date":"2026-03-06T21:35:37","date_gmt":"2026-03-06T21:35:37","guid":{"rendered":"https:\/\/attention.men\/?post_type=product&#038;p=189"},"modified":"2026-04-14T09:50:16","modified_gmt":"2026-04-14T09:50:16","slug":"attention-b-a-l-m-balsam-do-brody-90ml","status":"publish","type":"product","link":"https:\/\/attention.men\/en\/product\/attention-b-a-l-m-balsam-do-brody-90ml\/","title":{"rendered":"B.A.L.M. Balsam do brody 90ml"},"content":{"rendered":"<h3 data-section-id=\"16zbxsv\" data-start=\"2313\" data-end=\"2332\">Balsam do Brody<\/h3>\n<p data-start=\"2334\" data-end=\"2551\">ATTENTION B.A.L.M. to balsam o mocnym chwycie, zaprojektowany z my\u015bl\u0105 o d\u0142u\u017cszych i bardziej wymagaj\u0105cych brodach. Pozwala nada\u0107 zarostowi odpowiedni kszta\u0142t, ujarzmi\u0107 odstaj\u0105ce w\u0142osy i utrzyma\u0107 styl przez ca\u0142y dzie\u0144.<\/p>\n<p data-start=\"2553\" data-end=\"2689\">Produkt \u0142\u0105czy funkcj\u0119 stylizacji oraz piel\u0119gnacji. Od\u017cywia w\u0142osy, poprawia ich elastyczno\u015b\u0107 oraz zapobiega przesuszeniu sk\u00f3ry pod brod\u0105.<\/p>\n<p data-start=\"2691\" data-end=\"2829\">Dzi\u0119ki zawarto\u015bci witaminy E balsam wzmacnia struktur\u0119 w\u0142os\u00f3w, wspiera regeneracj\u0119 sk\u00f3ry oraz chroni zarost przed czynnikami zewn\u0119trznymi.<\/p>\n<p data-start=\"2831\" data-end=\"3169\">To, co dodatkowo wyr\u00f3\u017cnia nasz balsam, to wi\u0119ksza pojemno\u015b\u0107 \u2013 a\u017c 90 ml. Wi\u0119kszo\u015b\u0107 balsam\u00f3w dost\u0119pnych na rynku oferowana jest w znacznie mniejszych opakowaniach. W ATTENTION zale\u017ca\u0142o nam na tym, aby produkt by\u0142 nie tylko wysokiej jako\u015bci, ale r\u00f3wnie\u017c bardziej wydajny i satysfakcjonuj\u0105cy dla klient\u00f3w, kt\u00f3rzy u\u017cywaj\u0105 balsamu ka\u017cdego dnia.<\/p>\n<p data-start=\"3171\" data-end=\"3231\"><strong data-start=\"3171\" data-end=\"3185\">Pojemno\u015b\u0107:<\/strong> 90 ml<br data-start=\"3191\" data-end=\"3194\" \/><strong data-start=\"3194\" data-end=\"3206\">B.A.L.M.<\/strong> \u2013 Beard And Look Mastery<\/p>","protected":false},"excerpt":{"rendered":"<p>Balsam do Brody ATTENTION B.A.L.M. to balsam o mocnym chwycie, zaprojektowany z my\u015bl\u0105 o d\u0142u\u017cszych i bardziej wymagaj\u0105cych brodach. Pozwala nada\u0107 zarostowi odpowiedni kszta\u0142t, ujarzmi\u0107 odstaj\u0105ce w\u0142osy i utrzyma\u0107 styl przez ca\u0142y dzie\u0144. Produkt \u0142\u0105czy funkcj\u0119 stylizacji oraz piel\u0119gnacji. Od\u017cywia w\u0142osy, poprawia ich elastyczno\u015b\u0107 oraz zapobiega przesuszeniu sk\u00f3ry pod brod\u0105. Dzi\u0119ki zawarto\u015bci witaminy E balsam wzmacnia struktur\u0119 w\u0142os\u00f3w, wspiera regeneracj\u0119&hellip;<\/p>","protected":false},"featured_media":589,"comment_status":"open","ping_status":"closed","template":"","meta":{"_acf_changed":false,"bwfblock_default_font":""},"product_brand":[],"product_cat":[17],"product_tag":[],"class_list":{"0":"post-189","1":"product","2":"type-product","3":"status-publish","4":"has-post-thumbnail","6":"product_cat-broda","9":"first","10":"instock","11":"taxable","12":"shipping-taxable","13":"purchasable","14":"product-type-simple"},"acf":[],"jetpack_sharing_enabled":true,"_links":{"self":[{"href":"https:\/\/attention.men\/en\/wp-json\/wp\/v2\/product\/189","targetHints":{"allow":["GET"]}}],"collection":[{"href":"https:\/\/attention.men\/en\/wp-json\/wp\/v2\/product"}],"about":[{"href":"https:\/\/attention.men\/en\/wp-json\/wp\/v2\/types\/product"}],"replies":[{"embeddable":true,"href":"https:\/\/attention.men\/en\/wp-json\/wp\/v2\/comments?post=189"}],"wp:featuredmedia":[{"embeddable":true,"href":"https:\/\/attention.men\/en\/wp-json\/wp\/v2\/media\/589"}],"wp:attachment":[{"href":"https:\/\/attention.men\/en\/wp-json\/wp\/v2\/media?parent=189"}],"wp:term":[{"taxonomy":"product_brand","embeddable":true,"href":"https:\/\/attention.men\/en\/wp-json\/wp\/v2\/product_brand?post=189"},{"taxonomy":"product_cat","embeddable":true,"href":"https:\/\/attention.men\/en\/wp-json\/wp\/v2\/product_cat?post=189"},{"taxonomy":"product_tag","embeddable":true,"href":"https:\/\/attention.men\/en\/wp-json\/wp\/v2\/product_tag?post=189"}],"curies":[{"name":"wp","href":"https:\/\/api.w.org\/{rel}","templated":true}]}}