{"id":493,"date":"2026-03-25T20:25:43","date_gmt":"2026-03-25T20:25:43","guid":{"rendered":"https:\/\/attention.men\/?page_id=493"},"modified":"2026-03-25T22:09:45","modified_gmt":"2026-03-25T22:09:45","slug":"historia-marki","status":"publish","type":"page","link":"https:\/\/attention.men\/en\/historia-marki\/","title":{"rendered":"Historia Marki"},"content":{"rendered":"<div id=\"cs-content\" class=\"cs-content\"><div class=\"x-section e493-e1 mdp-0 mdp-1\"><div class=\"x-grid e493-e2 mdp-f mdp-3\"><div class=\"x-cell e493-e3 mdp-g mdp-h mdp-i mdp-j mdp-k mdp-l mdp-m\"><div class=\"x-div e493-e4 mdp-v mdp-w\"><div class=\"x-text x-content e493-e5 mdp-x mdp-y mdp-4 mdp-5 mdp-6 mdp-7 x-effect-exit\" data-x-effect=\"{&quot;scroll&quot;:true,&quot;offsetTop&quot;:&quot;0%&quot;,&quot;offsetBottom&quot;:&quot;0%&quot;,&quot;behaviorScroll&quot;:&quot;fire-once&quot;}\">O<\/div><\/div><div class=\"x-div e493-e6 mdp-v\"><div class=\"x-text x-content e493-e7 mdp-x mdp-y mdp-4 mdp-5 mdp-6 mdp-7 x-effect-exit\" data-x-effect=\"{&quot;scroll&quot;:true,&quot;offsetTop&quot;:&quot;0%&quot;,&quot;offsetBottom&quot;:&quot;0%&quot;,&quot;behaviorScroll&quot;:&quot;fire-once&quot;}\">ur<\/div><\/div><\/div><div class=\"x-cell e493-e8 mdp-h mdp-i mdp-k mdp-m mdp-n\"><div class=\"x-text x-content e493-e9 mdp-x mdp-y mdp-5 mdp-6 mdp-8 mdp-9 x-effect-exit\" data-x-effect=\"{&quot;scroll&quot;:true,&quot;offsetTop&quot;:&quot;0%&quot;,&quot;offsetBottom&quot;:&quot;0%&quot;,&quot;behaviorScroll&quot;:&quot;fire-once&quot;}\">Story<\/div><\/div><div class=\"x-cell e493-e10 mdp-h mdp-i mdp-k mdp-l mdp-o mdp-p mdp-5 mdp-6 mdp-a x-effect-exit\" data-x-effect=\"{&quot;scroll&quot;:true,&quot;offsetTop&quot;:&quot;10%&quot;,&quot;offsetBottom&quot;:&quot;10%&quot;,&quot;behaviorScroll&quot;:&quot;fire-once&quot;}\"><div class=\"x-text x-text-headline e493-e11 mdp-10\"><div class=\"x-text-content\"><div class=\"x-text-content-text\"><span class=\"x-text-content-text-primary\">2016<\/span>\n<\/div><\/div><\/div><hr class=\"x-line e493-e12 mdp-11\"\/><div class=\"x-text x-text-headline e493-e13 mdp-10\"><div class=\"x-text-content\"><div class=\"x-text-content-text\"><span class=\"x-text-content-text-primary\">2026<\/span>\n<\/div><\/div><\/div><\/div><div class=\"x-cell e493-e14 mdp-k mdp-q mdp-r mdp-5 mdp-6 mdp-9 mdp-b x-effect-exit\" data-x-effect=\"{&quot;scroll&quot;:true,&quot;offsetTop&quot;:&quot;0%&quot;,&quot;offsetBottom&quot;:&quot;0%&quot;,&quot;behaviorScroll&quot;:&quot;fire-once&quot;}\"><div class=\"x-bg\"><div class=\"x-bg-layer-lower-img\"><img decoding=\"async\" src=\"https:\/\/attention.men\/wp-content\/uploads\/2026\/03\/BOX-3-scaled.jpg\" alt=\"Company Photo\" loading=\"lazy\"\/><\/div><\/div><\/div><div class=\"x-cell e493-e15 mdp-i mdp-j mdp-k mdp-o mdp-r mdp-s mdp-t mdp-5 mdp-6 mdp-c x-effect-exit\" data-x-effect=\"{&quot;scroll&quot;:true,&quot;offsetTop&quot;:&quot;0%&quot;,&quot;offsetBottom&quot;:&quot;0%&quot;,&quot;behaviorScroll&quot;:&quot;fire-once&quot;}\"><div class=\"x-bg\"><div class=\"x-bg-layer-lower-img\"><img decoding=\"async\" src=\"https:\/\/attention.men\/wp-content\/uploads\/2026\/03\/BOX-scaled.jpg\" alt=\"Company Photo\" loading=\"lazy\"\/><\/div><\/div><\/div><div class=\"x-cell e493-e16 mdp-k mdp-r mdp-t mdp-u mdp-5 mdp-6 mdp-7 mdp-d x-effect-exit\" data-x-effect=\"{&quot;scroll&quot;:true,&quot;offsetTop&quot;:&quot;0%&quot;,&quot;offsetBottom&quot;:&quot;0%&quot;,&quot;behaviorScroll&quot;:&quot;fire-once&quot;}\"><div class=\"x-bg\"><div class=\"x-bg-layer-lower-img\"><img decoding=\"async\" src=\"https:\/\/attention.men\/wp-content\/uploads\/2026\/03\/BOX-2-scaled.jpg\" alt=\"Company Photo\" loading=\"lazy\"\/><\/div><\/div><\/div><\/div><\/div><div class=\"x-section e493-e17 mdp-0 mdp-2\"><div class=\"x-div e493-e18 mdp-v\"><div class=\"x-text x-content e493-e19 mdp-y mdp-z mdp-6 mdp-e x-effect-exit\" data-x-effect=\"{&quot;scroll&quot;:true,&quot;offsetTop&quot;:&quot;10%&quot;,&quot;offsetBottom&quot;:&quot;10%&quot;,&quot;behaviorScroll&quot;:&quot;fire-once&quot;,&quot;animationEnter&quot;:&quot;fadeInUp&quot;,&quot;animationExit&quot;:&quot;rollOut&quot;}\"><p>ATTENTION to polska marka kosmetyk\u00f3w dla m\u0119\u017cczyzn, stworzona z realnej potrzeby pracy w barbershopie. Za jej powstaniem stoi barber, kt\u00f3ry dzia\u0142a w bran\u017cy od 2016 roku i na co dzie\u0144 prowadzi salon Anderos Barberos w Radomiu.<\/p>\n<p>Przez lata pracy z klientami i setkami kosmetyk\u00f3w do w\u0142os\u00f3w oraz brody pojawia\u0142o si\u0119 jedno pytanie: dlaczego tak trudno znale\u017a\u0107 produkty, kt\u00f3re naprawd\u0119 spe\u0142niaj\u0105 oczekiwania profesjonalisty? Jedne dawa\u0142y dobry chwyt, ale by\u0142y niewygodne w pracy. Inne dobrze pachnia\u0142y, ale nie dawa\u0142y odpowiedniej kontroli, tekstury albo jako\u015bci wyko\u0144czenia. W\u0142a\u015bnie z tej potrzeby powsta\u0142 ATTENTION.<\/p>\n<p>Marka zosta\u0142a opracowana z my\u015bl\u0105 o stworzeniu kosmetyk\u00f3w, kt\u00f3re \u0142\u0105cz\u0105 skuteczn\u0105 stylizacj\u0119, codzienn\u0105 piel\u0119gnacj\u0119 i dopracowane kompozycje zapachowe. To produkty stworzone przez praktyka \u2014 nie jako marketingowy pomys\u0142, ale jako efekt do\u015bwiadczenia zdobywanego ka\u017cdego dnia przy fotelu barberskim.<\/p>\n<p>Prace nad formu\u0142ami trwa\u0142y d\u0142ugo i by\u0142y oparte na testach w realnym \u015brodowisku pracy. Ka\u017cdy produkt powstawa\u0142 z my\u015bl\u0105 o tym, \u017ceby odpowiada\u0142 na konkretne potrzeby: mia\u0142 odpowiedni\u0105 konsystencj\u0119, dobrze pracowa\u0142 na w\u0142osach lub brodzie, by\u0142 wygodny w u\u017cyciu i dawa\u0142 efekt, kt\u00f3rego oczekuj\u0105 zar\u00f3wno barberzy, jak i klienci.<\/p>\n<p>W produktach ATTENTION wa\u017cna jest nie tylko stylizacja, ale r\u00f3wnie\u017c piel\u0119gnacja. Dlatego formu\u0142y zosta\u0142y wzbogacone o witamin\u0119 E, kt\u00f3ra wspiera kondycj\u0119 w\u0142os\u00f3w i sk\u00f3ry, pomaga chroni\u0107 przed przesuszeniem oraz wspiera codzienn\u0105 piel\u0119gnacj\u0119 zarostu i fryzury.<\/p>\n<p>Istotnym elementem marki s\u0105 r\u00f3wnie\u017c zapachy \u2014 m\u0119skie, wyraziste, ale dobrze wywa\u017cone. Zosta\u0142y zaprojektowane tak, aby uzupe\u0142nia\u0142y charakter produktu i dawa\u0142y przyjemno\u015b\u0107 u\u017cywania ka\u017cdego dnia, bez przesady i bez przypadkowo\u015bci.<\/p>\n<p>ATTENTION to marka tworzona przez barber\u00f3w, ale nie tylko dla barber\u00f3w. To kosmetyki dla m\u0119\u017cczyzn, kt\u00f3rzy chc\u0105 dobrze wygl\u0105da\u0107, dobrze si\u0119 czu\u0107 i korzysta\u0107 z produkt\u00f3w dopracowanych pod wzgl\u0119dem jako\u015bci, dzia\u0142ania i komfortu u\u017cytkowania.<\/p>\n<p>Wszystkie produkty ATTENTION s\u0105 w 100% tworzone w Polsce. To polska marka, oparta na do\u015bwiadczeniu, praktyce i \u015bwiadomym podej\u015bciu do tworzenia kosmetyk\u00f3w, kt\u00f3re po prostu maj\u0105 dzia\u0142a\u0107.<\/p>\n\n<h3>Dlaczego m\u0119\u017cczy\u017ani wybieraj\u0105 ATTENTION?<\/h3>\n<p><strong>Do\u015bwiadczenie barberskie<\/strong><br \/>\nATTENTION powsta\u0142 na bazie wieloletniej pracy z w\u0142osami i brod\u0105. To produkty tworzone z perspektywy cz\u0142owieka, kt\u00f3ry u\u017cywa kosmetyk\u00f3w ka\u017cdego dnia w praktyce, a nie wy\u0142\u0105cznie w teorii.<\/p>\n<p><strong>Formu\u0142y dopracowane w praktyce<\/strong><br \/>\nKa\u017cdy produkt by\u0142 rozwijany tak, aby zapewni\u0107 odpowiedni balans mi\u0119dzy stylizacj\u0105, wygod\u0105 pracy, trwa\u0142o\u015bci\u0105 efektu i komfortem noszenia.<\/p>\n<p><strong>Piel\u0119gnacja i witamina E<\/strong><br \/>\nProdukty ATTENTION nie tylko pomagaj\u0105 stylizowa\u0107 w\u0142osy i brod\u0119, ale r\u00f3wnie\u017c wspieraj\u0105 ich kondycj\u0119. Witamina E pomaga chroni\u0107 przed przesuszeniem i wspiera piel\u0119gnacj\u0119 sk\u00f3ry oraz w\u0142os\u00f3w.<\/p>\n<p><strong>Dopracowane zapachy<\/strong><br \/>\nKompozycje zapachowe zosta\u0142y stworzone tak, aby podkre\u015bla\u0142y charakter produkt\u00f3w i dawa\u0142y m\u0119ski, wyrazisty, ale dobrze wywa\u017cony efekt.<\/p>\n<p><strong>Polska produkcja<\/strong><br \/>\nATTENTION to w 100% polska marka i polska produkcja. Od pocz\u0105tku zale\u017ca\u0142o nam na tym, aby tworzy\u0107 kosmetyki lokalnie, \u015bwiadomie i z pe\u0142n\u0105 kontrol\u0105 nad jako\u015bci\u0105.<\/p><\/div><\/div><\/div><\/div>","protected":false},"excerpt":{"rendered":"<p>OurStory2016 2026 ATTENTION to polska marka kosmetyk\u00f3w dla m\u0119\u017cczyzn, stworzona z realnej potrzeby pracy w barbershopie. Za jej powstaniem stoi barber, kt\u00f3ry dzia\u0142a w bran\u017cy od 2016 roku i na co dzie\u0144 prowadzi salon Anderos Barberos w Radomiu. Przez lata pracy z klientami i setkami kosmetyk\u00f3w do w\u0142os\u00f3w oraz brody pojawia\u0142o si\u0119 jedno pytanie: dlaczego tak trudno znale\u017a\u0107 produkty, kt\u00f3re&hellip;<\/p>","protected":false},"author":1,"featured_media":0,"parent":0,"menu_order":0,"comment_status":"closed","ping_status":"closed","template":"template-blank-4.php","meta":{"_acf_changed":false,"bwfblock_default_font":"","footnotes":""},"class_list":["post-493","page","type-page","status-publish","hentry","no-post-thumbnail"],"acf":[],"jetpack_sharing_enabled":true,"_links":{"self":[{"href":"https:\/\/attention.men\/en\/wp-json\/wp\/v2\/pages\/493","targetHints":{"allow":["GET"]}}],"collection":[{"href":"https:\/\/attention.men\/en\/wp-json\/wp\/v2\/pages"}],"about":[{"href":"https:\/\/attention.men\/en\/wp-json\/wp\/v2\/types\/page"}],"author":[{"embeddable":true,"href":"https:\/\/attention.men\/en\/wp-json\/wp\/v2\/users\/1"}],"replies":[{"embeddable":true,"href":"https:\/\/attention.men\/en\/wp-json\/wp\/v2\/comments?post=493"}],"version-history":[{"count":7,"href":"https:\/\/attention.men\/en\/wp-json\/wp\/v2\/pages\/493\/revisions"}],"predecessor-version":[{"id":515,"href":"https:\/\/attention.men\/en\/wp-json\/wp\/v2\/pages\/493\/revisions\/515"}],"wp:attachment":[{"href":"https:\/\/attention.men\/en\/wp-json\/wp\/v2\/media?parent=493"}],"curies":[{"name":"wp","href":"https:\/\/api.w.org\/{rel}","templated":true}]}}