{"id":314,"date":"2026-03-23T13:41:31","date_gmt":"2026-03-23T13:41:31","guid":{"rendered":"https:\/\/attention.men\/?page_id=314"},"modified":"2026-03-24T17:34:57","modified_gmt":"2026-03-24T17:34:57","slug":"regulamin","status":"publish","type":"page","link":"https:\/\/attention.men\/en\/regulamin\/","title":{"rendered":"Regulamin"},"content":{"rendered":"<div id=\"cs-content\" class=\"cs-content\"><div class=\"x-section e314-e1 m8q-0\"><div class=\"x-div e314-e2 m8q-1\"><div class=\"x-text x-text-headline e314-e3 m8q-2\"><div class=\"x-text-content\"><div class=\"x-text-content-text\"><h1 class=\"x-text-content-text-primary\">REGULAMIN<\/h1>\n<\/div><\/div><\/div><div class=\"x-text x-content e314-e4 m8q-3\"><h1>Regulamin sklepu internetowego<\/h1>\n<h2>\u00a7 1. Sprzedawca<\/h2>\n<p>Sprzedawc\u0105 jest <strong>Anderos Barberos Barbershop Andrzej Sikorski<\/strong>, NIP: <strong>9482373766<\/strong>, REGON: <strong>368819143<\/strong>, adres: <strong>ul. Boles\u0142awa Chrobrego 3, 26-600 Radom<\/strong>.<\/p>\n<p>Kontakt ze Sprzedawc\u0105:<\/p>\n\n<ul>\n \t<li>e-mail: <a href=\"mailto:kontakt@attention.men\">kontakt@attention.men<\/a><\/li>\n \t<li>telefon: <a href=\"tel:+48791008661\">791 008 661<\/a><\/li>\n<\/ul>\n<h2>\u00a7 2. Postanowienia og\u00f3lne<\/h2>\n<p>Niniejszy regulamin okre\u015bla zasady korzystania ze sklepu internetowego oraz zasady zawierania um\u00f3w sprzeda\u017cy na odleg\u0142o\u015b\u0107 za po\u015brednictwem sklepu.<\/p>\n<p>Klientem sklepu mo\u017ce by\u0107 osoba fizyczna, osoba prawna albo jednostka organizacyjna posiadaj\u0105ca zdolno\u015b\u0107 prawn\u0105.<\/p>\n<p>Umowy zawierane s\u0105 w j\u0119zyku polskim i zgodnie z prawem polskim.<\/p>\n\n<h2>\u00a7 3. Sk\u0142adanie zam\u00f3wie\u0144<\/h2>\n<p>Zam\u00f3wienia w sklepie mo\u017cna sk\u0142ada\u0107 przez 24 godziny na dob\u0119, 7 dni w tygodniu.<\/p>\n<p>W celu z\u0142o\u017cenia zam\u00f3wienia Klient wybiera produkt, spos\u00f3b dostawy, spos\u00f3b p\u0142atno\u015bci oraz podaje dane niezb\u0119dne do realizacji zam\u00f3wienia.<\/p>\n<p>Zawarcie umowy sprzeda\u017cy nast\u0119puje z chwil\u0105 potwierdzenia przyj\u0119cia zam\u00f3wienia do realizacji przez Sprzedawc\u0119.<\/p>\n\n<h2>\u00a7 4. Ceny, p\u0142atno\u015bci i dostawa<\/h2>\n<p>Ceny produkt\u00f3w s\u0105 podawane w z\u0142otych polskich i zawieraj\u0105 podatki wymagane przez przepisy prawa.<\/p>\n<p>\u0141\u0105czna cena zam\u00f3wienia, w tym koszty dostawy, jest wskazywana Klientowi przed z\u0142o\u017ceniem zam\u00f3wienia.<\/p>\n<p>Dost\u0119pne metody p\u0142atno\u015bci i dostawy s\u0105 wskazywane w sklepie podczas sk\u0142adania zam\u00f3wienia.<\/p>\n<p>Realizacja zam\u00f3wienia nast\u0119puje w terminie wskazanym przy produkcie albo w toku sk\u0142adania zam\u00f3wienia.<\/p>\n\n<h2>\u00a7 5. Konto klienta<\/h2>\n<p>Klient mo\u017ce za\u0142o\u017cy\u0107 konto w sklepie.<\/p>\n<p>Za\u0142o\u017cenie konta wymaga podania danych wskazanych w formularzu rejestracyjnym.<\/p>\n<p>Klient mo\u017ce usun\u0105\u0107 konto w ka\u017cdym czasie, kontaktuj\u0105c si\u0119 ze Sprzedawc\u0105 pod adresem <a href=\"mailto:kontakt@attention.men\">kontakt@attention.men<\/a>.<\/p>\n\n<h2>\u00a7 6. Prawo odst\u0105pienia od umowy<\/h2>\n<p>Konsument oraz przedsi\u0119biorca na prawach konsumenta mo\u017ce odst\u0105pi\u0107 od umowy zawartej na odleg\u0142o\u015b\u0107 w terminie <strong>14 dni<\/strong> bez podawania przyczyny.<\/p>\n<p>Termin do odst\u0105pienia od umowy wygasa po up\u0142ywie 14 dni od dnia, w kt\u00f3rym Klient wszed\u0142 w posiadanie towaru lub w kt\u00f3rym osoba trzecia inna ni\u017c przewo\u017anik i wskazana przez Klienta wesz\u0142a w posiadanie towaru.<\/p>\n<p>Aby skorzysta\u0107 z prawa odst\u0105pienia od umowy, Klient powinien przes\u0142a\u0107 Sprzedawcy jednoznaczn\u0105 informacj\u0119 o odst\u0105pieniu na adres: <strong>Anderos Barberos Barbershop Andrzej Sikorski, ul. Boles\u0142awa Chrobrego 3, 26-600 Radom<\/strong> lub e-mail: <a href=\"mailto:kontakt@attention.men\">kontakt@attention.men<\/a>.<\/p>\n<p>Klient powinien odes\u0142a\u0107 towar niezw\u0142ocznie, nie p\u00f3\u017aniej ni\u017c w terminie 14 dni od dnia odst\u0105pienia od umowy.<\/p>\n<p>Klient ponosi bezpo\u015brednie koszty zwrotu towaru, chyba \u017ce Sprzedawca poinformuje inaczej.<\/p>\n<p>Sprzedawca zwraca Klientowi wszystkie otrzymane p\u0142atno\u015bci, w tym koszt dostarczenia towaru w wysoko\u015bci najta\u0144szego zwyk\u0142ego sposobu dostawy oferowanego w sklepie, niezw\u0142ocznie, nie p\u00f3\u017aniej ni\u017c w terminie 14 dni od dnia otrzymania informacji o odst\u0105pieniu od umowy.<\/p>\n<p>Sprzedawca mo\u017ce wstrzyma\u0107 si\u0119 ze zwrotem p\u0142atno\u015bci do chwili otrzymania zwracanego towaru lub dostarczenia dowodu jego odes\u0142ania, w zale\u017cno\u015bci od tego, kt\u00f3re zdarzenie nast\u0105pi wcze\u015bniej.<\/p>\n\n<h2>\u00a7 7. Wyj\u0105tki od prawa odst\u0105pienia<\/h2>\n<p>Prawo odst\u0105pienia od umowy nie przys\u0142uguje w przypadkach przewidzianych przez przepisy prawa, w szczeg\u00f3lno\u015bci w odniesieniu do:<\/p>\n\n<ul>\n \t<li>towar\u00f3w nieprefabrykowanych, wyprodukowanych wed\u0142ug specyfikacji Klienta lub s\u0142u\u017c\u0105cych zaspokojeniu jego zindywidualizowanych potrzeb,<\/li>\n \t<li>towar\u00f3w ulegaj\u0105cych szybkiemu zepsuciu lub maj\u0105cych kr\u00f3tki termin przydatno\u015bci do u\u017cycia,<\/li>\n \t<li>towar\u00f3w dostarczanych w zapiecz\u0119towanym opakowaniu, kt\u00f3rych po otwarciu opakowania nie mo\u017cna zwr\u00f3ci\u0107 ze wzgl\u0119du na ochron\u0119 zdrowia lub ze wzgl\u0119d\u00f3w higienicznych, je\u017celi opakowanie zosta\u0142o otwarte po dostarczeniu.<\/li>\n<\/ul>\n<h2>\u00a7 8. Reklamacje<\/h2>\n<p>Sprzedawca ponosi odpowiedzialno\u015b\u0107 za zgodno\u015b\u0107 towaru z umow\u0105 na zasadach wynikaj\u0105cych z obowi\u0105zuj\u0105cych przepis\u00f3w prawa.<\/p>\n<p>Reklamacje mo\u017cna sk\u0142ada\u0107 pisemnie na adres: <strong>Anderos Barberos Barbershop Andrzej Sikorski, ul. Boles\u0142awa Chrobrego 3, 26-600 Radom<\/strong> lub e-mailowo na adres: <a href=\"mailto:kontakt@attention.men\">kontakt@attention.men<\/a>.<\/p>\n<p>W reklamacji warto poda\u0107 dane Klienta, opis problemu oraz \u017c\u0105danie zwi\u0105zane z reklamacj\u0105.<\/p>\n<p>Sprzedawca rozpatruje reklamacje w terminie do 14 dni.<\/p>\n\n<h2>\u00a7 9. Dane osobowe<\/h2>\n<p>Zasady przetwarzania danych osobowych oraz wykorzystywania plik\u00f3w cookies okre\u015bla Polityka Prywatno\u015bci dost\u0119pna w sklepie.<\/p>\n\n<h2>\u00a7 10. Postanowienia ko\u0144cowe<\/h2>\n<p>Regulamin obowi\u0105zuje od dnia publikacji w sklepie internetowym.<\/p><\/div><\/div><\/div><\/div>","protected":false},"excerpt":{"rendered":"<p>REGULAMIN Regulamin sklepu internetowego \u00a7 1. Sprzedawca Sprzedawc\u0105 jest Anderos Barberos Barbershop Andrzej Sikorski, NIP: 9482373766, REGON: 368819143, adres: ul. Boles\u0142awa Chrobrego 3, 26-600 Radom. Kontakt ze Sprzedawc\u0105: e-mail: kontakt@attention.men telefon: 791 008 661 \u00a7 2. Postanowienia og\u00f3lne Niniejszy regulamin okre\u015bla zasady korzystania ze sklepu internetowego oraz zasady zawierania um\u00f3w sprzeda\u017cy na odleg\u0142o\u015b\u0107 za po\u015brednictwem sklepu. Klientem sklepu mo\u017ce by\u0107&hellip;<\/p>","protected":false},"author":1,"featured_media":0,"parent":0,"menu_order":0,"comment_status":"closed","ping_status":"closed","template":"template-blank-4.php","meta":{"_acf_changed":false,"bwfblock_default_font":"","footnotes":""},"class_list":["post-314","page","type-page","status-publish","hentry","no-post-thumbnail"],"acf":[],"jetpack_sharing_enabled":true,"_links":{"self":[{"href":"https:\/\/attention.men\/en\/wp-json\/wp\/v2\/pages\/314","targetHints":{"allow":["GET"]}}],"collection":[{"href":"https:\/\/attention.men\/en\/wp-json\/wp\/v2\/pages"}],"about":[{"href":"https:\/\/attention.men\/en\/wp-json\/wp\/v2\/types\/page"}],"author":[{"embeddable":true,"href":"https:\/\/attention.men\/en\/wp-json\/wp\/v2\/users\/1"}],"replies":[{"embeddable":true,"href":"https:\/\/attention.men\/en\/wp-json\/wp\/v2\/comments?post=314"}],"version-history":[{"count":4,"href":"https:\/\/attention.men\/en\/wp-json\/wp\/v2\/pages\/314\/revisions"}],"predecessor-version":[{"id":358,"href":"https:\/\/attention.men\/en\/wp-json\/wp\/v2\/pages\/314\/revisions\/358"}],"wp:attachment":[{"href":"https:\/\/attention.men\/en\/wp-json\/wp\/v2\/media?parent=314"}],"curies":[{"name":"wp","href":"https:\/\/api.w.org\/{rel}","templated":true}]}}