{"id":128,"date":"2026-03-05T14:54:48","date_gmt":"2026-03-05T14:54:48","guid":{"rendered":"https:\/\/attention.men\/?page_id=128"},"modified":"2026-04-14T10:19:02","modified_gmt":"2026-04-14T10:19:02","slug":"home","status":"publish","type":"page","link":"https:\/\/attention.men\/en\/","title":{"rendered":"Home"},"content":{"rendered":"<div id=\"cs-content\" class=\"cs-content\"><div class=\"x-section e128-e1 m3k-0 m3k-1 m3k-2 m3k-3\"><div class=\"x-div e128-e2 m3k-d m3k-e m3k-f m3k-g m3k-h m3k-i m3k-j m3k-k m3k-l m3k-m\"><div class=\"x-bg\"><div class=\"x-bg-layer-lower-img\"><img decoding=\"async\" src=\"https:\/\/attention.men\/wp-content\/uploads\/2026\/03\/Banner1-scaled.jpg\" alt=\"Image\" loading=\"lazy\"\/><\/div><\/div><a class=\"x-anchor x-anchor-button e128-e3 m3k-w m3k-x m3k-a m3k-b x-effect-exit\" tabindex=\"0\" href=\"https:\/\/attention.men\/en\/sklep\/\" data-x-effect=\"{&quot;scroll&quot;:true,&quot;offsetTop&quot;:&quot;10%&quot;,&quot;offsetBottom&quot;:&quot;10%&quot;,&quot;behaviorScroll&quot;:&quot;fire-once&quot;,&quot;animationEnter&quot;:&quot;fadeInUp&quot;,&quot;animationExit&quot;:&quot;rollOut&quot;}\"><div class=\"x-anchor-content\"><div class=\"x-anchor-text\"><span class=\"x-anchor-text-primary\">POZNAJ NASZE  PRODUKTY<\/span><\/div><\/div><\/a><\/div><\/div><div class=\"x-section e128-e4 m3k-0 m3k-2 m3k-4\"><div class=\"x-div x-container max width e128-e5 m3k-e m3k-g m3k-h m3k-i m3k-j m3k-l m3k-n\"><div class=\"x-text x-text-headline e128-e6 m3k-z m3k-10 m3k-11 m3k-12 m3k-13 m3k-14 m3k-15 m3k-16\"><div class=\"x-text-content\"><div class=\"x-text-content-text\"><h1 class=\"x-text-content-text-primary\">\"Get the Attention <\/br><strong>You Deserve<\/strong>\"<\/h1>\n<\/div><\/div><\/div><div class=\"x-text x-content e128-e7 m3k-1j m3k-1k m3k-1l m3k-1m m3k-1n\"><p style=\"text-align: center;\"><strong>ATTENTION to marka stworzona dla m\u0119\u017cczyzn, kt&oacute;rzy zwracaj\u0105 uwag\u0119 na detale i chc\u0105 wygl\u0105da\u0107 dobrze ka\u017cdego dnia.<\/strong><\/p>\n<p style=\"text-align: center;\">Nasz\u0105 misj\u0105 jest tworzenie kosmetyk&oacute;w, kt&oacute;re pomagaj\u0105 budowa\u0107 pewno\u015b\u0107 siebie, podkre\u015bla\u0107 styl i przyci\u0105ga\u0107 uwag\u0119.<\/p>\n<p style=\"text-align: center;\"><strong>Bo ka\u017cdy m\u0119\u017cczyzna zas\u0142uguje na uwag\u0119.<\/strong><\/p><\/div><\/div><\/div><div class=\"x-section e128-e8 m3k-0 m3k-3 m3k-5 m3k-6 m3k-b m3k-c x-effect-exit\" data-x-effect=\"{&quot;scroll&quot;:true,&quot;offsetTop&quot;:&quot;10%&quot;,&quot;offsetBottom&quot;:&quot;10%&quot;,&quot;behaviorScroll&quot;:&quot;fire-once&quot;,&quot;animationEnter&quot;:&quot;fadeInUp&quot;,&quot;animationExit&quot;:&quot;rollOut&quot;}\"><div class=\"x-div x-container max width e128-e9 m3k-i m3k-k m3k-l m3k-o\"><div class=\"x-text x-text-headline e128-e10 m3k-z m3k-13 m3k-15 m3k-17 m3k-18 m3k-19 m3k-1a m3k-1b m3k-1c\"><div class=\"x-text-content\"><div class=\"x-text-content-text\"><h1 class=\"x-text-content-text-primary\">Polecamy<\/h1>\n<\/div><\/div><\/div><\/div><div class=\"x-row x-container max width e128-e11 m3k-1r m3k-1s m3k-1u\"><div class=\"x-row-inner\"><a class=\"x-col e128-e12 m3k-1w m3k-1x\" href=\"https:\/\/attention.men\/en\/product\/attention-t-e-x-t-u-r-e-m-a-t-t-matowa-pasta-do-tekstury-90ml\/\"><span class=\"x-image e128-e13 m3k-1z\"><img decoding=\"async\" src=\"https:\/\/attention.men\/wp-content\/uploads\/2026\/03\/ATTN3b.jpg\" alt=\"Image\" loading=\"lazy\"><\/span><div class=\"x-div e128-e14 m3k-e m3k-f m3k-h m3k-i m3k-k m3k-l m3k-p m3k-q m3k-r\"><div class=\"x-text x-text-headline e128-e15 m3k-z m3k-10 m3k-12 m3k-13 m3k-14 m3k-19 m3k-1a m3k-1d m3k-1e\"><div class=\"x-text-content\"><div class=\"x-text-content-text\"><h1 class=\"x-text-content-text-primary\">T.E.X.T.U.R.E. M.A.T.T. Matowa pasta do tekstury 90ml<\/h1>\n<\/div><\/div><\/div><div class=\"x-text x-text-headline e128-e16 m3k-z m3k-10 m3k-12 m3k-13 m3k-14 m3k-1a m3k-1d m3k-1f\"><div class=\"x-text-content\"><div class=\"x-text-content-text\"><h1 class=\"x-text-content-text-primary\">99,00 PLN<\/h1>\n<\/div><\/div><\/div><span class=\"x-anchor x-anchor-button e128-e17 m3k-w m3k-y add_to_cart_button ajax_add_to_cart\" tabindex=\"0\" data-quantity=\"1\" data-product_id=\"192\" data-product_sku=\"\" aria-label=\"Add \u201cT.E.X.T.U.R.E. M.A.T.T. Matowa pasta do tekstury 90ml\u201d to your cart\" rel=\"nofollow\"><div class=\"x-anchor-content\"><div class=\"x-anchor-text\"><span class=\"x-anchor-text-primary\">KUP TERAZ<\/span><\/div><\/div><\/span><\/div><\/a><a class=\"x-col e128-e12 m3k-1w m3k-1x\" href=\"https:\/\/attention.men\/en\/product\/attention-p-o-m-a-d-e-pomada-matowa-do-wlosow-90ml\/\"><span class=\"x-image e128-e13 m3k-1z\"><img decoding=\"async\" src=\"https:\/\/attention.men\/wp-content\/uploads\/2026\/03\/ATTN2b.jpg\" alt=\"Image\" loading=\"lazy\"><\/span><div class=\"x-div e128-e14 m3k-e m3k-f m3k-h m3k-i m3k-k m3k-l m3k-p m3k-q m3k-r\"><div class=\"x-text x-text-headline e128-e15 m3k-z m3k-10 m3k-12 m3k-13 m3k-14 m3k-19 m3k-1a m3k-1d m3k-1e\"><div class=\"x-text-content\"><div class=\"x-text-content-text\"><h1 class=\"x-text-content-text-primary\">P.O.M.A.D.E. Pomada matowa do w\u0142os\u00f3w 90ml<\/h1>\n<\/div><\/div><\/div><div class=\"x-text x-text-headline e128-e16 m3k-z m3k-10 m3k-12 m3k-13 m3k-14 m3k-1a m3k-1d m3k-1f\"><div class=\"x-text-content\"><div class=\"x-text-content-text\"><h1 class=\"x-text-content-text-primary\">99,00 PLN<\/h1>\n<\/div><\/div><\/div><span class=\"x-anchor x-anchor-button e128-e17 m3k-w m3k-y add_to_cart_button ajax_add_to_cart\" tabindex=\"0\" data-quantity=\"1\" data-product_id=\"191\" data-product_sku=\"\" aria-label=\"Add \u201cP.O.M.A.D.E. Pomada matowa do w\u0142os\u00f3w 90ml\u201d to your cart\" rel=\"nofollow\"><div class=\"x-anchor-content\"><div class=\"x-anchor-text\"><span class=\"x-anchor-text-primary\">KUP TERAZ<\/span><\/div><\/div><\/span><\/div><\/a><a class=\"x-col e128-e12 m3k-1w m3k-1x\" href=\"https:\/\/attention.men\/en\/product\/attention-b-a-l-m-balsam-do-brody-90ml\/\"><span class=\"x-image e128-e13 m3k-1z\"><img decoding=\"async\" src=\"https:\/\/attention.men\/wp-content\/uploads\/2026\/03\/ATTN6b.jpg\" alt=\"Image\" loading=\"lazy\"><\/span><div class=\"x-div e128-e14 m3k-e m3k-f m3k-h m3k-i m3k-k m3k-l m3k-p m3k-q m3k-r\"><div class=\"x-text x-text-headline e128-e15 m3k-z m3k-10 m3k-12 m3k-13 m3k-14 m3k-19 m3k-1a m3k-1d m3k-1e\"><div class=\"x-text-content\"><div class=\"x-text-content-text\"><h1 class=\"x-text-content-text-primary\">B.A.L.M. Balsam do brody 90ml<\/h1>\n<\/div><\/div><\/div><div class=\"x-text x-text-headline e128-e16 m3k-z m3k-10 m3k-12 m3k-13 m3k-14 m3k-1a m3k-1d m3k-1f\"><div class=\"x-text-content\"><div class=\"x-text-content-text\"><h1 class=\"x-text-content-text-primary\">99,00 PLN<\/h1>\n<\/div><\/div><\/div><span class=\"x-anchor x-anchor-button e128-e17 m3k-w m3k-y add_to_cart_button ajax_add_to_cart\" tabindex=\"0\" data-quantity=\"1\" data-product_id=\"189\" data-product_sku=\"\" aria-label=\"Add \u201cB.A.L.M. Balsam do brody 90ml\u201d to your cart\" rel=\"nofollow\"><div class=\"x-anchor-content\"><div class=\"x-anchor-text\"><span class=\"x-anchor-text-primary\">KUP TERAZ<\/span><\/div><\/div><\/span><\/div><\/a><\/div><\/div><\/div><div class=\"x-section x-hide-md x-hide-sm x-hide-xl x-hide-xs e128-e18 m3k-0 m3k-3 m3k-6 m3k-7\"><div class=\"x-div x-container max width e128-e19 m3k-i m3k-k m3k-l m3k-o\"><div class=\"x-text x-text-headline e128-e20 m3k-z m3k-13 m3k-14 m3k-15 m3k-17 m3k-18 m3k-19 m3k-1a m3k-1b\"><div class=\"x-text-content\"><div class=\"x-text-content-text\"><h1 class=\"x-text-content-text-primary\">Co m\u00f3wi\u0105 nasi klienci<\/h1>\n<\/div><\/div><\/div><\/div><div class=\"x-row x-container max width e128-e21 m3k-1r m3k-1t m3k-1v\"><div class=\"x-row-inner\"><div class=\"x-col e128-e22 m3k-1x m3k-1y\"><\/div><div class=\"x-col e128-e23 m3k-1x m3k-1y\"><\/div><div class=\"x-col e128-e24 m3k-1x m3k-1y\"><\/div><div class=\"x-col e128-e25 m3k-1x m3k-1y\"><\/div><\/div><\/div><\/div><div class=\"x-section e128-e26 m3k-0 m3k-5 m3k-8\"><div class=\"x-div x-container max width e128-e27 m3k-i m3k-k m3k-l m3k-o\"><div class=\"x-text x-text-headline e128-e28 m3k-z m3k-13 m3k-15 m3k-16 m3k-17 m3k-18 m3k-19 m3k-1a m3k-1c m3k-1g m3k-1h\"><div class=\"x-text-content\"><div class=\"x-text-content-text\"><h1 class=\"x-text-content-text-primary\">CZTERY FILARY ATTENTION<\/h1>\n<\/div><\/div><\/div><div class=\"x-grid x-container max width e128-e29 m3k-20\"><div class=\"x-cell e128-e30 m3k-21\"><div class=\"x-div e128-e31 m3k-i m3k-k m3k-l m3k-o m3k-q m3k-s\"><div class=\"x-text x-text-headline e128-e32 m3k-z m3k-12 m3k-14 m3k-17 m3k-19 m3k-1a m3k-1b m3k-1i\"><div class=\"x-text-content\"><div class=\"x-text-content-text\"><h1 class=\"x-text-content-text-primary\">Kosmetyki stworzone i testowane przez barber\u00f3w.<\/h1>\n<\/div><\/div><\/div><\/div><div class=\"x-div e128-e33 m3k-e m3k-f m3k-g m3k-i m3k-k m3k-o m3k-r m3k-t m3k-u\"><div class=\"x-text x-content e128-e34 m3k-1k m3k-1m m3k-1o m3k-1p\"><p>Kosmetyki ATTENTION powsta\u0142y na bazie<span>\u00a0<\/span><strong>ponad dwuletniej pracy i test\u00f3w prowadzonych przez barber\u00f3w<\/strong>. Produkty by\u0142y wielokrotnie sprawdzane podczas codziennej pracy w barbershopie, aby osi\u0105gn\u0105\u0107 idealny balans mi\u0119dzy chwytem, tekstur\u0105, zapachem oraz \u0142atwo\u015bci\u0105 stylizacji.<\/p>\n<p>Dzi\u0119ki temu powsta\u0142y formu\u0142y, kt\u00f3re<span>\u00a0<\/span><strong>realnie odpowiadaj\u0105 na potrzeby m\u0119\u017cczyzn i profesjonalist\u00f3w pracuj\u0105cych z w\u0142osami ka\u017cdego dnia<\/strong>.<\/p><\/div><\/div><\/div><div class=\"x-cell e128-e35 m3k-21\"><div class=\"x-div e128-e36 m3k-i m3k-k m3k-l m3k-o m3k-q m3k-s\"><div class=\"x-text x-text-headline e128-e37 m3k-z m3k-12 m3k-14 m3k-17 m3k-19 m3k-1a m3k-1b m3k-1i\"><div class=\"x-text-content\"><div class=\"x-text-content-text\"><h1 class=\"x-text-content-text-primary\">Innowacyjna formu\u0142a z witamin\u0105 E.<\/h1>\n<\/div><\/div><\/div><\/div><div class=\"x-div e128-e38 m3k-e m3k-f m3k-g m3k-i m3k-k m3k-o m3k-r m3k-t m3k-u\"><div class=\"x-text x-content e128-e39 m3k-1k m3k-1m m3k-1o m3k-1p\"><p>Ka\u017cdy produkt ATTENTION zosta\u0142 wzbogacony o<span>\u00a0<\/span><strong>witamin\u0119 E<\/strong>, kt\u00f3ra odgrywa wa\u017cn\u0105 rol\u0119 w piel\u0119gnacji w\u0142os\u00f3w oraz sk\u00f3ry.<\/p>\n<p>Witamina E:<\/p>\n\n<ul>\n \t<li>\n<p>wspiera regeneracj\u0119 w\u0142os\u00f3w i sk\u00f3ry<\/p>\n<\/li>\n \t<li>\n<p>chroni przed przesuszeniem<\/p>\n<\/li>\n \t<li>\n<p>dzia\u0142a antyoksydacyjnie<\/p>\n<\/li>\n \t<li>\n<p>wzmacnia struktur\u0119 w\u0142os\u00f3w<\/p>\n<\/li>\n<\/ul>\n<p>Dzi\u0119ki temu nasze produkty nie tylko stylizuj\u0105, ale r\u00f3wnie\u017c<span>\u00a0<\/span><strong>aktywnie dbaj\u0105 o kondycj\u0119 w\u0142os\u00f3w i brody<\/strong>.<\/p><\/div><\/div><\/div><div class=\"x-cell e128-e40 m3k-21\"><div class=\"x-div e128-e41 m3k-i m3k-k m3k-l m3k-o m3k-q m3k-s\"><div class=\"x-text x-text-headline e128-e42 m3k-z m3k-12 m3k-14 m3k-17 m3k-19 m3k-1a m3k-1b m3k-1i\"><div class=\"x-text-content\"><div class=\"x-text-content-text\"><h1 class=\"x-text-content-text-primary\">Unikatowe zapachy opracowane specjalnie dla nas.<\/h1>\n<\/div><\/div><\/div><\/div><div class=\"x-div e128-e43 m3k-e m3k-f m3k-g m3k-i m3k-k m3k-o m3k-r m3k-t m3k-u\"><div class=\"x-text x-content e128-e44 m3k-1k m3k-1m m3k-1o m3k-1p\"><p><span><strong>Zapach Attention<\/strong> to przede wszystkim sk\u00f3rzana, przyprawowa i lekko kwiatowa kompozycja.\u00a0<\/span><span>Najbardziej wyczuwalne s\u0105 sk\u00f3ra, kardamon i ja\u015bmin sambac, a w tle pojawiaj\u0105 si\u0119 paczula, bursztyn i mech. <\/span><\/p>\n<p><span>To zapach suchy, elegancki i do\u015b\u0107 mroczny, bardziej \u201esk\u00f3rzany p\u0142aszcz\u201d ni\u017c s\u0142odkie perfumy. Daje wra\u017cenie ciep\u0142a, luksusu i lekkiej surowo\u015bci, bez ci\u0119\u017ckiej s\u0142odyczy. <\/span><\/p>\n<p><span>\u2022 Nuty g\u0142owy: kardamon <\/span><\/p>\n<p><span>\u2022 Nuty serca: sk\u00f3ra, ja\u015bmin sambac. <\/span><\/p>\n<p><span>\u2022 Nuty bazy: amber, paczula, mech \/ white moss.<\/span><\/p><\/div><\/div><\/div><div class=\"x-cell e128-e45 m3k-21\"><div class=\"x-div e128-e46 m3k-i m3k-k m3k-l m3k-o m3k-q m3k-s\"><div class=\"x-text x-text-headline e128-e47 m3k-z m3k-12 m3k-14 m3k-17 m3k-19 m3k-1a m3k-1b m3k-1i\"><div class=\"x-text-content\"><div class=\"x-text-content-text\"><h1 class=\"x-text-content-text-primary\">Polska produkcja testowana laboratoryjnie.<\/h1>\n<\/div><\/div><\/div><\/div><div class=\"x-div e128-e48 m3k-e m3k-f m3k-g m3k-h m3k-i m3k-k m3k-o m3k-r m3k-u\"><div class=\"x-text x-content e128-e49 m3k-1k m3k-1m m3k-1o m3k-1p\"><p>W ATTENTION stawiamy na&nbsp;<strong>starannie dobrane sk\u0142adniki<\/strong>, kt&oacute;re zapewniaj\u0105 skuteczne dzia\u0142anie przy jednoczesnym zachowaniu najwy\u017cszego poziomu bezpiecze\u0144stwa dla sk&oacute;ry i w\u0142os&oacute;w.<\/p>\n<p>Ka\u017cdy produkt przechodzi <strong>szereg bada\u0144 laboratoryjnych oraz test&oacute;w jako\u015bci<\/strong>, kt&oacute;re potwierdzaj\u0105 jego bezpiecze\u0144stwo i skuteczno\u015b\u0107 dzia\u0142ania.<\/p>\n<p>W wielu przypadkach nasze procedury testowe&nbsp;<strong>wykraczaj\u0105 ponad standardowe wymagania europejskie<\/strong>, poniewa\u017c zale\u017cy nam na tym, aby klienci otrzymywali kosmetyki dopracowane w ka\u017cdym szczeg&oacute;le.<\/p><\/div><\/div><\/div><\/div><\/div><\/div><div class=\"x-section e128-e50 m3k-0 m3k-3 m3k-6 m3k-9\"><div class=\"x-div x-container max width e128-e51 m3k-i m3k-k m3k-l m3k-m m3k-v\"><div class=\"x-text x-text-headline e128-e52 m3k-z m3k-13 m3k-15 m3k-17 m3k-18 m3k-19 m3k-1a m3k-1c m3k-1g\"><div class=\"x-text-content\"><div class=\"x-text-content-text\"><h1 class=\"x-text-content-text-primary\">FAQ - Najcz\u0119\u015bciej zadawane pytania<\/h1>\n<\/div><\/div><\/div><div class=\"x-acc e128-e53 m3k-22\" id=\"x-acc-e128-e53\"><div class=\"e128-e54 x-acc-item\"><button id=\"tab-e128-e54\" class=\"x-acc-header\" role=\"button\" type=\"button\" aria-expanded=\"false\" aria-controls=\"panel-e128-e54\" data-x-toggle=\"collapse\" data-x-toggleable=\"e128-e54\"><span class=\"x-acc-header-content\"><span class=\"x-acc-header-indicator\"><i class=\"x-icon\" aria-hidden=\"true\" data-x-icon-s=\"&#xe14b;\"><\/i><\/span><span class=\"x-acc-header-text\">Czy produkty ATTENTION nadaj\u0105 si\u0119 do ka\u017cdego rodzaju w\u0142os\u00f3w?<\/span><\/span><\/button><div id=\"panel-e128-e54\" role=\"tabpanel\" aria-hidden=\"true\" aria-labelledby=\"tab-e128-e54\" data-x-toggleable=\"e128-e54\" data-x-toggle-collapse=\"1\" class=\"x-collapsed\"><div class=\"x-acc-content\"><div class=\"x-text x-content e128-e55 m3k-1k m3k-1l m3k-1p m3k-1q\"><p><span>Tak. Produkty ATTENTION zosta\u0142y zaprojektowane tak, aby sprawdza\u0142y si\u0119 przy r\u00f3\u017cnych typach w\u0142os\u00f3w \u2013 prostych, kr\u0119conych, sztywnych oraz mi\u0119kkich.<\/span><br \/>\n<span>Krem\u00a0<\/span><strong>C.R.E.A.M.<\/strong><span>\u00a0\u015bwietnie przygotowuje w\u0142osy do stylizacji, natomiast\u00a0<\/span><strong>P.O.M.A.D.E.<\/strong><span>\u00a0i\u00a0<\/span><strong>T.E.X.T.U.R.E. M.A.T.T.<\/strong><span>\u00a0pozwalaj\u0105 dopasowa\u0107 efekt fryzury do indywidualnych potrzeb.<\/span><\/p><\/div><\/div><\/div><\/div><div class=\"e128-e56 x-acc-item\"><button id=\"tab-e128-e56\" class=\"x-acc-header\" role=\"button\" type=\"button\" aria-expanded=\"false\" aria-controls=\"panel-e128-e56\" data-x-toggle=\"collapse\" data-x-toggleable=\"e128-e56\"><span class=\"x-acc-header-content\"><span class=\"x-acc-header-indicator\"><i class=\"x-icon\" aria-hidden=\"true\" data-x-icon-s=\"&#xe14b;\"><\/i><\/span><span class=\"x-acc-header-text\">Czy pomada matowa skleja w\u0142osy?<\/span><\/span><\/button><div id=\"panel-e128-e56\" role=\"tabpanel\" aria-hidden=\"true\" aria-labelledby=\"tab-e128-e56\" data-x-toggleable=\"e128-e56\" data-x-toggle-collapse=\"1\" class=\"x-collapsed\"><div class=\"x-acc-content\"><div class=\"x-text x-content e128-e57 m3k-1k m3k-1l m3k-1p m3k-1q\"><span>Nie.\u00a0<\/span><strong>ATTENTION P.O.M.A.D.E.<\/strong><span>\u00a0zosta\u0142a opracowana tak, aby zapewnia\u0107 mocny chwyt bez efektu sklejonych w\u0142os\u00f3w. Fryzura zachowuje naturalny wygl\u0105d, a w\u0142osy pozostaj\u0105 elastyczne.<\/span><\/div><\/div><\/div><\/div><div class=\"e128-e58 x-acc-item\"><button id=\"tab-e128-e58\" class=\"x-acc-header\" role=\"button\" type=\"button\" aria-expanded=\"false\" aria-controls=\"panel-e128-e58\" data-x-toggle=\"collapse\" data-x-toggleable=\"e128-e58\"><span class=\"x-acc-header-content\"><span class=\"x-acc-header-indicator\"><i class=\"x-icon\" aria-hidden=\"true\" data-x-icon-s=\"&#xe14b;\"><\/i><\/span><span class=\"x-acc-header-text\">Czy mo\u017cna poprawi\u0107 fryzur\u0119 w ci\u0105gu dnia?<\/span><\/span><\/button><div id=\"panel-e128-e58\" role=\"tabpanel\" aria-hidden=\"true\" aria-labelledby=\"tab-e128-e58\" data-x-toggleable=\"e128-e58\" data-x-toggle-collapse=\"1\" class=\"x-collapsed\"><div class=\"x-acc-content\"><div class=\"x-text x-content e128-e59 m3k-1k m3k-1l m3k-1n m3k-1p\"><span>Tak. Produkty do stylizacji w\u0142os\u00f3w ATTENTION umo\u017cliwiaj\u0105 <\/span><strong>restylizacj\u0119 fryzury w ci\u0105gu dnia<\/strong><span>. Wystarczy przeczesa\u0107 w\u0142osy d\u0142oni\u0105 lub grzebieniem, aby ponownie nada\u0107 im odpowiedni kszta\u0142t.<\/span><\/div><\/div><\/div><\/div><div class=\"e128-e60 x-acc-item\"><button id=\"tab-e128-e60\" class=\"x-acc-header\" role=\"button\" type=\"button\" aria-expanded=\"false\" aria-controls=\"panel-e128-e60\" data-x-toggle=\"collapse\" data-x-toggleable=\"e128-e60\"><span class=\"x-acc-header-content\"><span class=\"x-acc-header-indicator\"><i class=\"x-icon\" aria-hidden=\"true\" data-x-icon-s=\"&#xe14b;\"><\/i><\/span><span class=\"x-acc-header-text\">Czy pasta do w\u0142os\u00f3w daje mocny chwyt?<\/span><\/span><\/button><div id=\"panel-e128-e60\" role=\"tabpanel\" aria-hidden=\"true\" aria-labelledby=\"tab-e128-e60\" data-x-toggleable=\"e128-e60\" data-x-toggle-collapse=\"1\" class=\"x-collapsed\"><div class=\"x-acc-content\"><div class=\"x-text x-content e128-e61 m3k-1k m3k-1l m3k-1n m3k-1p\"><strong>T.E.X.T.U.R.E. M.A.T.T.<\/strong><span>\u00a0zapewnia wyra\u017an\u0105 tekstur\u0119 oraz kontrol\u0119 nad fryzur\u0105, jednocze\u015bnie pozostawiaj\u0105c w\u0142osy naturalne i lekkie. Pasta daje\u00a0<\/span><strong>mega matowe wyko\u0144czenie<\/strong><span>\u00a0oraz du\u017c\u0105 obj\u0119to\u015b\u0107.<\/span><\/div><\/div><\/div><\/div><div class=\"e128-e62 x-acc-item\"><button id=\"tab-e128-e62\" class=\"x-acc-header\" role=\"button\" type=\"button\" aria-expanded=\"false\" aria-controls=\"panel-e128-e62\" data-x-toggle=\"collapse\" data-x-toggleable=\"e128-e62\"><span class=\"x-acc-header-content\"><span class=\"x-acc-header-indicator\"><i class=\"x-icon\" aria-hidden=\"true\" data-x-icon-s=\"&#xe14b;\"><\/i><\/span><span class=\"x-acc-header-text\">Czy olejek do brody przet\u0142uszcza zarost?<\/span><\/span><\/button><div id=\"panel-e128-e62\" role=\"tabpanel\" aria-hidden=\"true\" aria-labelledby=\"tab-e128-e62\" data-x-toggleable=\"e128-e62\" data-x-toggle-collapse=\"1\" class=\"x-collapsed\"><div class=\"x-acc-content\"><div class=\"x-text x-content e128-e63 m3k-1k m3k-1l m3k-1n m3k-1p\"><span>Nie.\u00a0<\/span><strong>ATTENTION O.I.L.<\/strong><span>\u00a0posiada lekk\u0105 formu\u0142\u0119, kt\u00f3ra szybko si\u0119 wch\u0142ania i nie pozostawia t\u0142ustego filmu. Dzi\u0119ki temu broda wygl\u0105da naturalnie, a sk\u00f3ra pozostaje odpowiednio nawil\u017cona.<\/span><\/div><\/div><\/div><\/div><div class=\"e128-e64 x-acc-item\"><button id=\"tab-e128-e64\" class=\"x-acc-header\" role=\"button\" type=\"button\" aria-expanded=\"false\" aria-controls=\"panel-e128-e64\" data-x-toggle=\"collapse\" data-x-toggleable=\"e128-e64\"><span class=\"x-acc-header-content\"><span class=\"x-acc-header-indicator\"><i class=\"x-icon\" aria-hidden=\"true\" data-x-icon-s=\"&#xe14b;\"><\/i><\/span><span class=\"x-acc-header-text\">Co wybra\u0107 \u2013 olejek do brody czy balsam?<\/span><\/span><\/button><div id=\"panel-e128-e64\" role=\"tabpanel\" aria-hidden=\"true\" aria-labelledby=\"tab-e128-e64\" data-x-toggleable=\"e128-e64\" data-x-toggle-collapse=\"1\" class=\"x-collapsed\"><div class=\"x-acc-content\"><div class=\"x-text x-content e128-e65 m3k-1k m3k-1l m3k-1n m3k-1p\"><p>To zale\u017cy od potrzeb Twojej brody.<\/p>\n\n<ul>\n \t<li>\n<p><strong>O.I.L.<\/strong><span>\u00a0<\/span>\u2013 idealny do piel\u0119gnacji i nawil\u017cenia brody oraz sk\u00f3ry.<\/p>\n<\/li>\n \t<li>\n<p><strong>B.A.L.M.<\/strong><span>\u00a0<\/span>\u2013 opr\u00f3cz piel\u0119gnacji zapewnia r\u00f3wnie\u017c stylizacj\u0119 i kontrol\u0119 nad brod\u0105.<\/p>\n<\/li>\n<\/ul>\n<p>Wielu m\u0119\u017cczyzn stosuje obydwa produkty \u2013 olejek do piel\u0119gnacji, a balsam do stylizacji.<\/p><\/div><\/div><\/div><\/div><div class=\"e128-e66 x-acc-item\"><button id=\"tab-e128-e66\" class=\"x-acc-header\" role=\"button\" type=\"button\" aria-expanded=\"false\" aria-controls=\"panel-e128-e66\" data-x-toggle=\"collapse\" data-x-toggleable=\"e128-e66\"><span class=\"x-acc-header-content\"><span class=\"x-acc-header-indicator\"><i class=\"x-icon\" aria-hidden=\"true\" data-x-icon-s=\"&#xe14b;\"><\/i><\/span><span class=\"x-acc-header-text\">Czy produkty ATTENTION zawieraj\u0105 sk\u0142adniki piel\u0119gnacyjne?<\/span><\/span><\/button><div id=\"panel-e128-e66\" role=\"tabpanel\" aria-hidden=\"true\" aria-labelledby=\"tab-e128-e66\" data-x-toggleable=\"e128-e66\" data-x-toggle-collapse=\"1\" class=\"x-collapsed\"><div class=\"x-acc-content\"><div class=\"x-text x-content e128-e67 m3k-1k m3k-1l m3k-1n m3k-1p\"><span>Tak. Wszystkie produkty ATTENTION zosta\u0142y wzbogacone o\u00a0<\/span><strong>witamin\u0119 E<\/strong><span>, kt\u00f3ra wspiera regeneracj\u0119 w\u0142os\u00f3w i sk\u00f3ry, dzia\u0142a antyoksydacyjnie oraz chroni przed czynnikami zewn\u0119trznymi.<\/span><\/div><\/div><\/div><\/div><div class=\"e128-e68 x-acc-item\"><button id=\"tab-e128-e68\" class=\"x-acc-header\" role=\"button\" type=\"button\" aria-expanded=\"false\" aria-controls=\"panel-e128-e68\" data-x-toggle=\"collapse\" data-x-toggleable=\"e128-e68\"><span class=\"x-acc-header-content\"><span class=\"x-acc-header-indicator\"><i class=\"x-icon\" aria-hidden=\"true\" data-x-icon-s=\"&#xe14b;\"><\/i><\/span><span class=\"x-acc-header-text\">Czy produkty ATTENTION by\u0142y testowane?<\/span><\/span><\/button><div id=\"panel-e128-e68\" role=\"tabpanel\" aria-hidden=\"true\" aria-labelledby=\"tab-e128-e68\" data-x-toggleable=\"e128-e68\" data-x-toggle-collapse=\"1\" class=\"x-collapsed\"><div class=\"x-acc-content\"><div class=\"x-text x-content e128-e69 m3k-1k m3k-1l m3k-1n m3k-1p\"><span>Tak. Produkty ATTENTION by\u0142y\u00a0<\/span><strong>rozwijane i testowane przez ponad 2 lata przez barber\u00f3w<\/strong><span>, a nast\u0119pnie przesz\u0142y badania laboratoryjne potwierdzaj\u0105ce ich bezpiecze\u0144stwo i jako\u015b\u0107.<\/span><\/div><\/div><\/div><\/div><div class=\"e128-e70 x-acc-item\"><button id=\"tab-e128-e70\" class=\"x-acc-header\" role=\"button\" type=\"button\" aria-expanded=\"false\" aria-controls=\"panel-e128-e70\" data-x-toggle=\"collapse\" data-x-toggleable=\"e128-e70\"><span class=\"x-acc-header-content\"><span class=\"x-acc-header-indicator\"><i class=\"x-icon\" aria-hidden=\"true\" data-x-icon-s=\"&#xe14b;\"><\/i><\/span><span class=\"x-acc-header-text\">Czy produkty nadaj\u0105 si\u0119 do d\u0142ugich w\u0142os\u00f3w?<\/span><\/span><\/button><div id=\"panel-e128-e70\" role=\"tabpanel\" aria-hidden=\"true\" aria-labelledby=\"tab-e128-e70\" data-x-toggleable=\"e128-e70\" data-x-toggle-collapse=\"1\" class=\"x-collapsed\"><div class=\"x-acc-content\"><div class=\"x-text x-content e128-e71 m3k-1k m3k-1l m3k-1n m3k-1p\"><span>Tak. Do d\u0142u\u017cszych w\u0142os\u00f3w szczeg\u00f3lnie polecany jest\u00a0<\/span><strong>C.R.E.A.M.<\/strong><span>, kt\u00f3ry u\u0142atwia stylizacj\u0119 i nadaje kontrol\u0119 nad fryzur\u0105, oraz\u00a0<\/span><strong>P.O.M.A.D.E.<\/strong><span>, kt\u00f3ra pomaga utrzyma\u0107 kszta\u0142t fryzury przez ca\u0142y dzie\u0144.<\/span><\/div><\/div><\/div><\/div><div class=\"e128-e72 x-acc-item\"><button id=\"tab-e128-e72\" class=\"x-acc-header\" role=\"button\" type=\"button\" aria-expanded=\"false\" aria-controls=\"panel-e128-e72\" data-x-toggle=\"collapse\" data-x-toggleable=\"e128-e72\"><span class=\"x-acc-header-content\"><span class=\"x-acc-header-indicator\"><i class=\"x-icon\" aria-hidden=\"true\" data-x-icon-s=\"&#xe14b;\"><\/i><\/span><span class=\"x-acc-header-text\">Czy zapach produkt\u00f3w jest intensywny?<\/span><\/span><\/button><div id=\"panel-e128-e72\" role=\"tabpanel\" aria-hidden=\"true\" aria-labelledby=\"tab-e128-e72\" data-x-toggleable=\"e128-e72\" data-x-toggle-collapse=\"1\" class=\"x-collapsed\"><div class=\"x-acc-content\"><div class=\"x-text x-content e128-e73 m3k-1k m3k-1l m3k-1n m3k-1p\"><span>Zapach produkt\u00f3w ATTENTION jest\u00a0<\/span><strong>elegancki i wyrazisty<\/strong><span>, ale jednocze\u015bnie nie przyt\u0142acza. Kompozycja oparta jest na ciep\u0142ych nutach tobacco, wanilii oraz subtelnych akcentach drzewnych.<\/span><\/div><\/div><\/div><\/div><\/div><\/div><\/div><\/div>","protected":false},"excerpt":{"rendered":"<p>POZNAJ NASZE PRODUKTY&#8221;Get the Attention You Deserve&#8221; ATTENTION to marka stworzona dla m\u0119\u017cczyzn, kt&oacute;rzy zwracaj\u0105 uwag\u0119 na detale i chc\u0105 wygl\u0105da\u0107 dobrze ka\u017cdego dnia. Nasz\u0105 misj\u0105 jest tworzenie kosmetyk&oacute;w, kt&oacute;re pomagaj\u0105 budowa\u0107 pewno\u015b\u0107 siebie, podkre\u015bla\u0107 styl i przyci\u0105ga\u0107 uwag\u0119. Bo ka\u017cdy m\u0119\u017cczyzna zas\u0142uguje na uwag\u0119.Polecamy T.E.X.T.U.R.E. M.A.T.T. Matowa pasta do tekstury 90ml 99,00 PLN KUP TERAZP.O.M.A.D.E. Pomada matowa do w\u0142os\u00f3w&hellip;<\/p>","protected":false},"author":1,"featured_media":0,"parent":0,"menu_order":0,"comment_status":"closed","ping_status":"closed","template":"template-blank-4.php","meta":{"_acf_changed":false,"bwfblock_default_font":"","footnotes":""},"class_list":["post-128","page","type-page","status-publish","hentry","no-post-thumbnail"],"acf":[],"jetpack_sharing_enabled":true,"_links":{"self":[{"href":"https:\/\/attention.men\/en\/wp-json\/wp\/v2\/pages\/128","targetHints":{"allow":["GET"]}}],"collection":[{"href":"https:\/\/attention.men\/en\/wp-json\/wp\/v2\/pages"}],"about":[{"href":"https:\/\/attention.men\/en\/wp-json\/wp\/v2\/types\/page"}],"author":[{"embeddable":true,"href":"https:\/\/attention.men\/en\/wp-json\/wp\/v2\/users\/1"}],"replies":[{"embeddable":true,"href":"https:\/\/attention.men\/en\/wp-json\/wp\/v2\/comments?post=128"}],"version-history":[{"count":141,"href":"https:\/\/attention.men\/en\/wp-json\/wp\/v2\/pages\/128\/revisions"}],"predecessor-version":[{"id":650,"href":"https:\/\/attention.men\/en\/wp-json\/wp\/v2\/pages\/128\/revisions\/650"}],"wp:attachment":[{"href":"https:\/\/attention.men\/en\/wp-json\/wp\/v2\/media?parent=128"}],"curies":[{"name":"wp","href":"https:\/\/api.w.org\/{rel}","templated":true}]}}