{"id":12,"date":"2026-03-25T10:29:12","date_gmt":"2026-03-25T10:29:12","guid":{"rendered":"https:\/\/attention.men\/?page_id=12"},"modified":"2026-03-26T16:33:18","modified_gmt":"2026-03-26T16:33:18","slug":"zwroty","status":"publish","type":"page","link":"https:\/\/attention.men\/en\/zwroty\/","title":{"rendered":"Polityka zwrot\u00f3w"},"content":{"rendered":"<div id=\"cs-content\" class=\"cs-content\"><div class=\"x-section e12-e1 mc-0\"><div class=\"x-div e12-e2 mc-2\"><div class=\"x-row e12-e3 mc-3 mc-4\"><div class=\"x-row-inner\"><div class=\"x-col e12-e4 mc-5 mc-6\"><span class=\"x-image e12-e5 mc-8 mc-1 x-effect-exit\" data-x-effect=\"{&quot;scroll&quot;:true,&quot;offsetTop&quot;:&quot;10%&quot;,&quot;offsetBottom&quot;:&quot;10%&quot;,&quot;behaviorScroll&quot;:&quot;fire-once&quot;,&quot;animationEnter&quot;:&quot;fadeInUp&quot;,&quot;animationExit&quot;:&quot;rollOut&quot;}\"><img decoding=\"async\" src=\"https:\/\/attention.men\/wp-content\/uploads\/2026\/03\/BANER_DELIVERY.jpg\" width=\"768\" height=\"512\" alt=\"Image\" loading=\"lazy\"><\/span><\/div><div class=\"x-col e12-e6 mc-5 mc-7\"><div class=\"x-text x-text-headline e12-e7 mc-9\"><div class=\"x-text-content\"><div class=\"x-text-content-text\"><h1 class=\"x-text-content-text-primary\">DOSTAWA<\/h1>\n<\/div><\/div><\/div><div class=\"x-text x-content e12-e8 mc-a\"><p>Oferujemy wybrane formy dostawy, kt&oacute;re znajdziesz na stronie zam&oacute;wienia podczas finalizacji zakupu.<br \/>Zam&oacute;wienia z\u0142o\u017cone tego samego dnia do godziny 15:00 wysy\u0142amy jeszcze tego samego dnia.<br \/>Wszystkie przesy\u0142ki nadajemy z naszego magazynu w Radomiu.<\/p><\/div><div class=\"x-text x-text-headline e12-e9 mc-9\"><div class=\"x-text-content\"><div class=\"x-text-content-text\"><h1 class=\"x-text-content-text-primary\">ZWROTY<\/h1>\n<\/div><\/div><\/div><div class=\"x-text x-content e12-e10 mc-a\"><p>Przyjmujemy zwroty w ci\u0105gu 14 dni bez podania przyczyny.<br \/>\nPrzed dokonaniem zwrotu prosimy o wcze\u015bniejszy kontakt mailowy pod adresem <a href=\"mailto:kontakt@attention.men?subject=Zwrot zam\u00f3wienia\">kontakt@attention.men<\/a><\/p>\n<p>Adres do zwrot\u00f3w:<\/p>\n<p><strong>ATTENTION ZWROTY<\/strong><\/p>\n<p><strong>ul. Boles\u0142awa Chrobrego 3<\/strong><\/p>\n<p><strong>26-600 Radom<\/strong><\/p><\/div><\/div><\/div><\/div><\/div><\/div><\/div>","protected":false},"excerpt":{"rendered":"<p>DOSTAWA Oferujemy wybrane formy dostawy, kt&oacute;re znajdziesz na stronie zam&oacute;wienia podczas finalizacji zakupu.Zam&oacute;wienia z\u0142o\u017cone tego samego dnia do godziny 15:00 wysy\u0142amy jeszcze tego samego dnia.Wszystkie przesy\u0142ki nadajemy z naszego magazynu w Radomiu.ZWROTY Przyjmujemy zwroty w ci\u0105gu 14 dni bez podania przyczyny. Przed dokonaniem zwrotu prosimy o wcze\u015bniejszy kontakt mailowy pod adresem kontakt@attention.men Adres do zwrot\u00f3w: ATTENTION ZWROTY ul. Boles\u0142awa Chrobrego&hellip;<\/p>","protected":false},"author":1,"featured_media":0,"parent":0,"menu_order":0,"comment_status":"closed","ping_status":"closed","template":"template-blank-4.php","meta":{"_acf_changed":false,"bwfblock_default_font":"","footnotes":""},"class_list":["post-12","page","type-page","status-publish","hentry","no-post-thumbnail"],"acf":[],"jetpack_sharing_enabled":true,"_links":{"self":[{"href":"https:\/\/attention.men\/en\/wp-json\/wp\/v2\/pages\/12","targetHints":{"allow":["GET"]}}],"collection":[{"href":"https:\/\/attention.men\/en\/wp-json\/wp\/v2\/pages"}],"about":[{"href":"https:\/\/attention.men\/en\/wp-json\/wp\/v2\/types\/page"}],"author":[{"embeddable":true,"href":"https:\/\/attention.men\/en\/wp-json\/wp\/v2\/users\/1"}],"replies":[{"embeddable":true,"href":"https:\/\/attention.men\/en\/wp-json\/wp\/v2\/comments?post=12"}],"version-history":[{"count":7,"href":"https:\/\/attention.men\/en\/wp-json\/wp\/v2\/pages\/12\/revisions"}],"predecessor-version":[{"id":545,"href":"https:\/\/attention.men\/en\/wp-json\/wp\/v2\/pages\/12\/revisions\/545"}],"wp:attachment":[{"href":"https:\/\/attention.men\/en\/wp-json\/wp\/v2\/media?parent=12"}],"curies":[{"name":"wp","href":"https:\/\/api.w.org\/{rel}","templated":true}]}}